{"id":2069,"date":"2024-06-10T15:02:12","date_gmt":"2024-06-10T13:02:12","guid":{"rendered":"https:\/\/zaremba-academy.online\/?post_type=product&#038;p=2069"},"modified":"2024-06-10T15:02:12","modified_gmt":"2024-06-10T13:02:12","slug":"katy-w-strzyzeniach","status":"publish","type":"product","link":"https:\/\/zaremba-academy.online\/en\/produkt\/katy-w-strzyzeniach\/","title":{"rendered":"K\u0105ty w strzy\u017ceniach"},"content":{"rendered":"<p>Ebook &#8220;K\u0105ty w strzy\u017ceniach&#8221; autorstwa Joanny Zaremby-Wanczury to niezb\u0119dne narz\u0119dzie dla ka\u017cdego fryzjera pragn\u0105cego doskonali\u0107 swoje umiej\u0119tno\u015bci. Ksi\u0105\u017cka zawiera szczeg\u00f3\u0142owe informacje na temat technik strzy\u017cenia oraz r\u00f3\u017cnych rodzaj\u00f3w k\u0105t\u00f3w, kt\u00f3re mo\u017cna zastosowa\u0107 podczas wykonywania r\u00f3\u017cnorodnych fryzur. Autorka dzieli si\u0119 swoimi wieloletnimi do\u015bwiadczeniami w bran\u017cy, dzi\u0119ki czemu czytelnik dowie si\u0119, jak osi\u0105gn\u0105\u0107 perfekcyjny efekt przy zachowaniu odpowiednich proporcji i proporcji w strzy\u017ceniu. Ebook ten stanowi cenny przewodnik dla wszystkich fryzjer\u00f3w, kt\u00f3rzy pragn\u0105 podnie\u015b\u0107 sw\u00f3j poziom zawodowy i zapewni\u0107 swoim klientom us\u0142ugi najwy\u017cszej jako\u015bci.<\/p>\n","protected":false},"excerpt":{"rendered":"<p>Ebook &#8220;K\u0105ty w strzy\u017ceniach&#8221; autorstwa Joanny Zarembe-Wanczury to niezb\u0119dne narz\u0119dzie dla ka\u017cdego fryzjera pragn\u0105cego doskonali\u0107 swoje umiej\u0119tno\u015bci. Ksi\u0105\u017cka zawiera szczeg\u00f3\u0142owe informacje na temat technik strzy\u017cenia oraz r\u00f3\u017cnych rodzaj\u00f3w k\u0105t\u00f3w, kt\u00f3re mo\u017cna zastosowa\u0107 podczas wykonywania r\u00f3\u017cnorodnych fryzur. Autorka dzieli si\u0119 swoimi wieloletnimi do\u015bwiadczeniami w bran\u017cy, dzi\u0119ki czemu czytelnik dowie si\u0119, jak osi\u0105gn\u0105\u0107 perfekcyjny efekt przy zachowaniu odpowiednich proporcji i proporcji w strzy\u017ceniu. Ebook ten stanowi cenny przewodnik dla wszystkich fryzjer\u00f3w, kt\u00f3rzy pragn\u0105 podnie\u015b\u0107 sw\u00f3j poziom zawodowy i zapewni\u0107 swoim klientom us\u0142ugi najwy\u017cszej jako\u015bci.<\/p>\n","protected":false},"featured_media":2071,"comment_status":"open","ping_status":"closed","template":"","meta":{"bwfblock_default_font":"","ocean_post_layout":"","ocean_both_sidebars_style":"","ocean_both_sidebars_content_width":0,"ocean_both_sidebars_sidebars_width":0,"ocean_sidebar":"0","ocean_second_sidebar":"0","ocean_disable_margins":"enable","ocean_add_body_class":"","ocean_shortcode_before_top_bar":"","ocean_shortcode_after_top_bar":"","ocean_shortcode_before_header":"","ocean_shortcode_after_header":"","ocean_has_shortcode":"","ocean_shortcode_after_title":"","ocean_shortcode_before_footer_widgets":"","ocean_shortcode_after_footer_widgets":"","ocean_shortcode_before_footer_bottom":"","ocean_shortcode_after_footer_bottom":"","ocean_display_top_bar":"default","ocean_display_header":"default","ocean_header_style":"","ocean_center_header_left_menu":"0","ocean_custom_header_template":"0","ocean_custom_logo":0,"ocean_custom_retina_logo":0,"ocean_custom_logo_max_width":0,"ocean_custom_logo_tablet_max_width":0,"ocean_custom_logo_mobile_max_width":0,"ocean_custom_logo_max_height":0,"ocean_custom_logo_tablet_max_height":0,"ocean_custom_logo_mobile_max_height":0,"ocean_header_custom_menu":"0","ocean_menu_typo_font_family":"0","ocean_menu_typo_font_subset":"","ocean_menu_typo_font_size":0,"ocean_menu_typo_font_size_tablet":0,"ocean_menu_typo_font_size_mobile":0,"ocean_menu_typo_font_size_unit":"px","ocean_menu_typo_font_weight":"","ocean_menu_typo_font_weight_tablet":"","ocean_menu_typo_font_weight_mobile":"","ocean_menu_typo_transform":"","ocean_menu_typo_transform_tablet":"","ocean_menu_typo_transform_mobile":"","ocean_menu_typo_line_height":0,"ocean_menu_typo_line_height_tablet":0,"ocean_menu_typo_line_height_mobile":0,"ocean_menu_typo_line_height_unit":"","ocean_menu_typo_spacing":0,"ocean_menu_typo_spacing_tablet":0,"ocean_menu_typo_spacing_mobile":0,"ocean_menu_typo_spacing_unit":"","ocean_menu_link_color":"","ocean_menu_link_color_hover":"","ocean_menu_link_color_active":"","ocean_menu_link_background":"","ocean_menu_link_hover_background":"","ocean_menu_link_active_background":"","ocean_menu_social_links_bg":"","ocean_menu_social_hover_links_bg":"","ocean_menu_social_links_color":"","ocean_menu_social_hover_links_color":"","ocean_disable_title":"default","ocean_disable_heading":"default","ocean_post_title":"","ocean_post_subheading":"","ocean_post_title_style":"","ocean_post_title_background_color":"","ocean_post_title_background":0,"ocean_post_title_bg_image_position":"","ocean_post_title_bg_image_attachment":"","ocean_post_title_bg_image_repeat":"","ocean_post_title_bg_image_size":"","ocean_post_title_height":0,"ocean_post_title_bg_overlay":0.5,"ocean_post_title_bg_overlay_color":"","ocean_disable_breadcrumbs":"default","ocean_breadcrumbs_color":"","ocean_breadcrumbs_separator_color":"","ocean_breadcrumbs_links_color":"","ocean_breadcrumbs_links_hover_color":"","ocean_display_footer_widgets":"default","ocean_display_footer_bottom":"default","ocean_custom_footer_template":"0"},"product_brand":[],"product_cat":[69],"product_tag":[],"class_list":{"0":"post-2069","1":"product","2":"type-product","3":"status-publish","4":"has-post-thumbnail","6":"product_cat-ebooki","8":"entry","9":"has-media","11":"first","12":"instock","13":"downloadable","14":"virtual","15":"purchasable","16":"product-type-simple","17":"col","18":"span_1_of_3","19":"owp-content-center","20":"owp-thumbs-layout-horizontal","21":"owp-btn-normal","22":"owp-tabs-layout-horizontal","23":"has-no-thumbnails"},"bundled_by":[],"bundle_stock_status":"instock","bundle_stock_quantity":null,"bundle_virtual":false,"bundle_layout":"","bundle_add_to_cart_form_location":"","bundle_editable_in_cart":false,"bundle_sold_individually_context":"","bundle_item_grouping":"","bundle_min_size":"","bundle_max_size":"","bundle_price":[],"bundled_items":[],"bundle_sell_ids":[],"yoast_head":"<!-- This site is optimized with the Yoast SEO plugin v27.5 - https:\/\/yoast.com\/product\/yoast-seo-wordpress\/ -->\n<title>K\u0105ty w strzy\u017ceniach - LMS HashMagnet<\/title>\n<meta name=\"description\" content=\"Ebook &quot;K\u0105ty w strzy\u017ceniach&quot; autorstwa Joanny Zarembe-Wanczury to niezb\u0119dne narz\u0119dzie dla ka\u017cdego fryzjera pragn\u0105cego doskonali\u0107 swoje umiej\u0119tno\u015bci. Ksi\u0105\u017cka zawiera szczeg\u00f3\u0142owe informacje na temat technik strzy\u017cenia oraz r\u00f3\u017cnych rodzaj\u00f3w k\u0105t\u00f3w, kt\u00f3re mo\u017cna zastosowa\u0107 podczas wykonywania r\u00f3\u017cnorodnych fryzur. Autorka dzieli si\u0119 swoimi wieloletnimi do\u015bwiadczeniami w bran\u017cy, dzi\u0119ki czemu czytelnik dowie si\u0119, jak osi\u0105gn\u0105\u0107 perfekcyjny efekt przy zachowaniu odpowiednich proporcji i proporcji w strzy\u017ceniu. Ebook ten stanowi cenny przewodnik dla wszystkich fryzjer\u00f3w, kt\u00f3rzy pragn\u0105 podnie\u015b\u0107 sw\u00f3j poziom zawodowy i zapewni\u0107 swoim klientom us\u0142ugi najwy\u017cszej jako\u015bci.\" \/>\n<meta name=\"robots\" content=\"index, follow, max-snippet:-1, max-image-preview:large, max-video-preview:-1\" \/>\n<link rel=\"canonical\" href=\"https:\/\/zaremba-academy.online\/en\/produkt\/katy-w-strzyzeniach\/\" \/>\n<meta property=\"og:locale\" content=\"en_US\" \/>\n<meta property=\"og:type\" content=\"article\" \/>\n<meta property=\"og:title\" content=\"K\u0105ty w strzy\u017ceniach - LMS HashMagnet\" \/>\n<meta property=\"og:description\" content=\"Ebook &quot;K\u0105ty w strzy\u017ceniach&quot; autorstwa Joanny Zarembe-Wanczury to niezb\u0119dne narz\u0119dzie dla ka\u017cdego fryzjera pragn\u0105cego doskonali\u0107 swoje umiej\u0119tno\u015bci. Ksi\u0105\u017cka zawiera szczeg\u00f3\u0142owe informacje na temat technik strzy\u017cenia oraz r\u00f3\u017cnych rodzaj\u00f3w k\u0105t\u00f3w, kt\u00f3re mo\u017cna zastosowa\u0107 podczas wykonywania r\u00f3\u017cnorodnych fryzur. Autorka dzieli si\u0119 swoimi wieloletnimi do\u015bwiadczeniami w bran\u017cy, dzi\u0119ki czemu czytelnik dowie si\u0119, jak osi\u0105gn\u0105\u0107 perfekcyjny efekt przy zachowaniu odpowiednich proporcji i proporcji w strzy\u017ceniu. Ebook ten stanowi cenny przewodnik dla wszystkich fryzjer\u00f3w, kt\u00f3rzy pragn\u0105 podnie\u015b\u0107 sw\u00f3j poziom zawodowy i zapewni\u0107 swoim klientom us\u0142ugi najwy\u017cszej jako\u015bci.\" \/>\n<meta property=\"og:url\" content=\"https:\/\/zaremba-academy.online\/en\/produkt\/katy-w-strzyzeniach\/\" \/>\n<meta property=\"og:site_name\" content=\"LMS HashMagnet\" \/>\n<meta property=\"og:image\" content=\"https:\/\/zaremba-academy.online\/wp-content\/uploads\/2024\/06\/Zaremba-Online-Academy-ebook-katy.png\" \/>\n\t<meta property=\"og:image:width\" content=\"512\" \/>\n\t<meta property=\"og:image:height\" content=\"800\" \/>\n\t<meta property=\"og:image:type\" content=\"image\/png\" \/>\n<meta name=\"twitter:card\" content=\"summary_large_image\" \/>\n<meta name=\"twitter:label1\" content=\"Est. reading time\" \/>\n\t<meta name=\"twitter:data1\" content=\"1 minute\" \/>\n<script type=\"application\/ld+json\" class=\"yoast-schema-graph\">{\"@context\":\"https:\\\/\\\/schema.org\",\"@graph\":[{\"@type\":\"WebPage\",\"@id\":\"https:\\\/\\\/zaremba-academy.online\\\/en\\\/produkt\\\/katy-w-strzyzeniach\\\/\",\"url\":\"https:\\\/\\\/zaremba-academy.online\\\/en\\\/produkt\\\/katy-w-strzyzeniach\\\/\",\"name\":\"K\u0105ty w strzy\u017ceniach - LMS HashMagnet\",\"isPartOf\":{\"@id\":\"https:\\\/\\\/zaremba-academy.online\\\/en\\\/#website\"},\"primaryImageOfPage\":{\"@id\":\"https:\\\/\\\/zaremba-academy.online\\\/en\\\/produkt\\\/katy-w-strzyzeniach\\\/#primaryimage\"},\"image\":{\"@id\":\"https:\\\/\\\/zaremba-academy.online\\\/en\\\/produkt\\\/katy-w-strzyzeniach\\\/#primaryimage\"},\"thumbnailUrl\":\"https:\\\/\\\/zaremba-academy.online\\\/wp-content\\\/uploads\\\/2024\\\/06\\\/Zaremba-Online-Academy-ebook-katy.png\",\"datePublished\":\"2024-06-10T13:02:12+00:00\",\"description\":\"Ebook \\\"K\u0105ty w strzy\u017ceniach\\\" autorstwa Joanny Zarembe-Wanczury to niezb\u0119dne narz\u0119dzie dla ka\u017cdego fryzjera pragn\u0105cego doskonali\u0107 swoje umiej\u0119tno\u015bci. Ksi\u0105\u017cka zawiera szczeg\u00f3\u0142owe informacje na temat technik strzy\u017cenia oraz r\u00f3\u017cnych rodzaj\u00f3w k\u0105t\u00f3w, kt\u00f3re mo\u017cna zastosowa\u0107 podczas wykonywania r\u00f3\u017cnorodnych fryzur. Autorka dzieli si\u0119 swoimi wieloletnimi do\u015bwiadczeniami w bran\u017cy, dzi\u0119ki czemu czytelnik dowie si\u0119, jak osi\u0105gn\u0105\u0107 perfekcyjny efekt przy zachowaniu odpowiednich proporcji i proporcji w strzy\u017ceniu. Ebook ten stanowi cenny przewodnik dla wszystkich fryzjer\u00f3w, kt\u00f3rzy pragn\u0105 podnie\u015b\u0107 sw\u00f3j poziom zawodowy i zapewni\u0107 swoim klientom us\u0142ugi najwy\u017cszej jako\u015bci.\",\"breadcrumb\":{\"@id\":\"https:\\\/\\\/zaremba-academy.online\\\/en\\\/produkt\\\/katy-w-strzyzeniach\\\/#breadcrumb\"},\"inLanguage\":\"en-US\",\"potentialAction\":[{\"@type\":\"ReadAction\",\"target\":[\"https:\\\/\\\/zaremba-academy.online\\\/en\\\/produkt\\\/katy-w-strzyzeniach\\\/\"]}]},{\"@type\":\"ImageObject\",\"inLanguage\":\"en-US\",\"@id\":\"https:\\\/\\\/zaremba-academy.online\\\/en\\\/produkt\\\/katy-w-strzyzeniach\\\/#primaryimage\",\"url\":\"https:\\\/\\\/zaremba-academy.online\\\/wp-content\\\/uploads\\\/2024\\\/06\\\/Zaremba-Online-Academy-ebook-katy.png\",\"contentUrl\":\"https:\\\/\\\/zaremba-academy.online\\\/wp-content\\\/uploads\\\/2024\\\/06\\\/Zaremba-Online-Academy-ebook-katy.png\",\"width\":512,\"height\":800},{\"@type\":\"BreadcrumbList\",\"@id\":\"https:\\\/\\\/zaremba-academy.online\\\/en\\\/produkt\\\/katy-w-strzyzeniach\\\/#breadcrumb\",\"itemListElement\":[{\"@type\":\"ListItem\",\"position\":1,\"name\":\"Strona g\u0142\u00f3wna\",\"item\":\"https:\\\/\\\/zaremba-academy.online\\\/en\\\/\"},{\"@type\":\"ListItem\",\"position\":2,\"name\":\"Shop\",\"item\":\"https:\\\/\\\/zaremba-academy.online\\\/en\\\/shop\\\/\"},{\"@type\":\"ListItem\",\"position\":3,\"name\":\"K\u0105ty w strzy\u017ceniach\"}]},{\"@type\":\"WebSite\",\"@id\":\"https:\\\/\\\/zaremba-academy.online\\\/en\\\/#website\",\"url\":\"https:\\\/\\\/zaremba-academy.online\\\/en\\\/\",\"name\":\"LMS HashMagnet\",\"description\":\"Platforma do tworzenia kurs\u00f3w online\",\"publisher\":{\"@id\":\"https:\\\/\\\/zaremba-academy.online\\\/en\\\/#organization\"},\"potentialAction\":[{\"@type\":\"SearchAction\",\"target\":{\"@type\":\"EntryPoint\",\"urlTemplate\":\"https:\\\/\\\/zaremba-academy.online\\\/en\\\/?s={search_term_string}\"},\"query-input\":{\"@type\":\"PropertyValueSpecification\",\"valueRequired\":true,\"valueName\":\"search_term_string\"}}],\"inLanguage\":\"en-US\"},{\"@type\":\"Organization\",\"@id\":\"https:\\\/\\\/zaremba-academy.online\\\/en\\\/#organization\",\"name\":\"LMS HashMagnet\",\"url\":\"https:\\\/\\\/zaremba-academy.online\\\/en\\\/\",\"logo\":{\"@type\":\"ImageObject\",\"inLanguage\":\"en-US\",\"@id\":\"https:\\\/\\\/zaremba-academy.online\\\/en\\\/#\\\/schema\\\/logo\\\/image\\\/\",\"url\":\"https:\\\/\\\/zaremba-academy.online\\\/wp-content\\\/uploads\\\/2023\\\/04\\\/cropped-zaremba-logo-pdf.io_.png\",\"contentUrl\":\"https:\\\/\\\/zaremba-academy.online\\\/wp-content\\\/uploads\\\/2023\\\/04\\\/cropped-zaremba-logo-pdf.io_.png\",\"width\":5079,\"height\":1392,\"caption\":\"LMS HashMagnet\"},\"image\":{\"@id\":\"https:\\\/\\\/zaremba-academy.online\\\/en\\\/#\\\/schema\\\/logo\\\/image\\\/\"}}]}<\/script>\n<!-- \/ Yoast SEO plugin. -->","yoast_head_json":{"title":"K\u0105ty w strzy\u017ceniach - LMS HashMagnet","description":"Ebook \"K\u0105ty w strzy\u017ceniach\" autorstwa Joanny Zarembe-Wanczury to niezb\u0119dne narz\u0119dzie dla ka\u017cdego fryzjera pragn\u0105cego doskonali\u0107 swoje umiej\u0119tno\u015bci. Ksi\u0105\u017cka zawiera szczeg\u00f3\u0142owe informacje na temat technik strzy\u017cenia oraz r\u00f3\u017cnych rodzaj\u00f3w k\u0105t\u00f3w, kt\u00f3re mo\u017cna zastosowa\u0107 podczas wykonywania r\u00f3\u017cnorodnych fryzur. Autorka dzieli si\u0119 swoimi wieloletnimi do\u015bwiadczeniami w bran\u017cy, dzi\u0119ki czemu czytelnik dowie si\u0119, jak osi\u0105gn\u0105\u0107 perfekcyjny efekt przy zachowaniu odpowiednich proporcji i proporcji w strzy\u017ceniu. Ebook ten stanowi cenny przewodnik dla wszystkich fryzjer\u00f3w, kt\u00f3rzy pragn\u0105 podnie\u015b\u0107 sw\u00f3j poziom zawodowy i zapewni\u0107 swoim klientom us\u0142ugi najwy\u017cszej jako\u015bci.","robots":{"index":"index","follow":"follow","max-snippet":"max-snippet:-1","max-image-preview":"max-image-preview:large","max-video-preview":"max-video-preview:-1"},"canonical":"https:\/\/zaremba-academy.online\/en\/produkt\/katy-w-strzyzeniach\/","og_locale":"en_US","og_type":"article","og_title":"K\u0105ty w strzy\u017ceniach - LMS HashMagnet","og_description":"Ebook \"K\u0105ty w strzy\u017ceniach\" autorstwa Joanny Zarembe-Wanczury to niezb\u0119dne narz\u0119dzie dla ka\u017cdego fryzjera pragn\u0105cego doskonali\u0107 swoje umiej\u0119tno\u015bci. Ksi\u0105\u017cka zawiera szczeg\u00f3\u0142owe informacje na temat technik strzy\u017cenia oraz r\u00f3\u017cnych rodzaj\u00f3w k\u0105t\u00f3w, kt\u00f3re mo\u017cna zastosowa\u0107 podczas wykonywania r\u00f3\u017cnorodnych fryzur. Autorka dzieli si\u0119 swoimi wieloletnimi do\u015bwiadczeniami w bran\u017cy, dzi\u0119ki czemu czytelnik dowie si\u0119, jak osi\u0105gn\u0105\u0107 perfekcyjny efekt przy zachowaniu odpowiednich proporcji i proporcji w strzy\u017ceniu. Ebook ten stanowi cenny przewodnik dla wszystkich fryzjer\u00f3w, kt\u00f3rzy pragn\u0105 podnie\u015b\u0107 sw\u00f3j poziom zawodowy i zapewni\u0107 swoim klientom us\u0142ugi najwy\u017cszej jako\u015bci.","og_url":"https:\/\/zaremba-academy.online\/en\/produkt\/katy-w-strzyzeniach\/","og_site_name":"LMS HashMagnet","og_image":[{"width":512,"height":800,"url":"https:\/\/zaremba-academy.online\/wp-content\/uploads\/2024\/06\/Zaremba-Online-Academy-ebook-katy.png","type":"image\/png"}],"twitter_card":"summary_large_image","twitter_misc":{"Est. reading time":"1 minute"},"schema":{"@context":"https:\/\/schema.org","@graph":[{"@type":"WebPage","@id":"https:\/\/zaremba-academy.online\/en\/produkt\/katy-w-strzyzeniach\/","url":"https:\/\/zaremba-academy.online\/en\/produkt\/katy-w-strzyzeniach\/","name":"K\u0105ty w strzy\u017ceniach - LMS HashMagnet","isPartOf":{"@id":"https:\/\/zaremba-academy.online\/en\/#website"},"primaryImageOfPage":{"@id":"https:\/\/zaremba-academy.online\/en\/produkt\/katy-w-strzyzeniach\/#primaryimage"},"image":{"@id":"https:\/\/zaremba-academy.online\/en\/produkt\/katy-w-strzyzeniach\/#primaryimage"},"thumbnailUrl":"https:\/\/zaremba-academy.online\/wp-content\/uploads\/2024\/06\/Zaremba-Online-Academy-ebook-katy.png","datePublished":"2024-06-10T13:02:12+00:00","description":"Ebook \"K\u0105ty w strzy\u017ceniach\" autorstwa Joanny Zarembe-Wanczury to niezb\u0119dne narz\u0119dzie dla ka\u017cdego fryzjera pragn\u0105cego doskonali\u0107 swoje umiej\u0119tno\u015bci. Ksi\u0105\u017cka zawiera szczeg\u00f3\u0142owe informacje na temat technik strzy\u017cenia oraz r\u00f3\u017cnych rodzaj\u00f3w k\u0105t\u00f3w, kt\u00f3re mo\u017cna zastosowa\u0107 podczas wykonywania r\u00f3\u017cnorodnych fryzur. Autorka dzieli si\u0119 swoimi wieloletnimi do\u015bwiadczeniami w bran\u017cy, dzi\u0119ki czemu czytelnik dowie si\u0119, jak osi\u0105gn\u0105\u0107 perfekcyjny efekt przy zachowaniu odpowiednich proporcji i proporcji w strzy\u017ceniu. Ebook ten stanowi cenny przewodnik dla wszystkich fryzjer\u00f3w, kt\u00f3rzy pragn\u0105 podnie\u015b\u0107 sw\u00f3j poziom zawodowy i zapewni\u0107 swoim klientom us\u0142ugi najwy\u017cszej jako\u015bci.","breadcrumb":{"@id":"https:\/\/zaremba-academy.online\/en\/produkt\/katy-w-strzyzeniach\/#breadcrumb"},"inLanguage":"en-US","potentialAction":[{"@type":"ReadAction","target":["https:\/\/zaremba-academy.online\/en\/produkt\/katy-w-strzyzeniach\/"]}]},{"@type":"ImageObject","inLanguage":"en-US","@id":"https:\/\/zaremba-academy.online\/en\/produkt\/katy-w-strzyzeniach\/#primaryimage","url":"https:\/\/zaremba-academy.online\/wp-content\/uploads\/2024\/06\/Zaremba-Online-Academy-ebook-katy.png","contentUrl":"https:\/\/zaremba-academy.online\/wp-content\/uploads\/2024\/06\/Zaremba-Online-Academy-ebook-katy.png","width":512,"height":800},{"@type":"BreadcrumbList","@id":"https:\/\/zaremba-academy.online\/en\/produkt\/katy-w-strzyzeniach\/#breadcrumb","itemListElement":[{"@type":"ListItem","position":1,"name":"Strona g\u0142\u00f3wna","item":"https:\/\/zaremba-academy.online\/en\/"},{"@type":"ListItem","position":2,"name":"Shop","item":"https:\/\/zaremba-academy.online\/en\/shop\/"},{"@type":"ListItem","position":3,"name":"K\u0105ty w strzy\u017ceniach"}]},{"@type":"WebSite","@id":"https:\/\/zaremba-academy.online\/en\/#website","url":"https:\/\/zaremba-academy.online\/en\/","name":"LMS HashMagnet","description":"Platforma do tworzenia kurs\u00f3w online","publisher":{"@id":"https:\/\/zaremba-academy.online\/en\/#organization"},"potentialAction":[{"@type":"SearchAction","target":{"@type":"EntryPoint","urlTemplate":"https:\/\/zaremba-academy.online\/en\/?s={search_term_string}"},"query-input":{"@type":"PropertyValueSpecification","valueRequired":true,"valueName":"search_term_string"}}],"inLanguage":"en-US"},{"@type":"Organization","@id":"https:\/\/zaremba-academy.online\/en\/#organization","name":"LMS HashMagnet","url":"https:\/\/zaremba-academy.online\/en\/","logo":{"@type":"ImageObject","inLanguage":"en-US","@id":"https:\/\/zaremba-academy.online\/en\/#\/schema\/logo\/image\/","url":"https:\/\/zaremba-academy.online\/wp-content\/uploads\/2023\/04\/cropped-zaremba-logo-pdf.io_.png","contentUrl":"https:\/\/zaremba-academy.online\/wp-content\/uploads\/2023\/04\/cropped-zaremba-logo-pdf.io_.png","width":5079,"height":1392,"caption":"LMS HashMagnet"},"image":{"@id":"https:\/\/zaremba-academy.online\/en\/#\/schema\/logo\/image\/"}}]}},"_links":{"self":[{"href":"https:\/\/zaremba-academy.online\/en\/wp-json\/wp\/v2\/product\/2069","targetHints":{"allow":["GET"]}}],"collection":[{"href":"https:\/\/zaremba-academy.online\/en\/wp-json\/wp\/v2\/product"}],"about":[{"href":"https:\/\/zaremba-academy.online\/en\/wp-json\/wp\/v2\/types\/product"}],"replies":[{"embeddable":true,"href":"https:\/\/zaremba-academy.online\/en\/wp-json\/wp\/v2\/comments?post=2069"}],"wp:featuredmedia":[{"embeddable":true,"href":"https:\/\/zaremba-academy.online\/en\/wp-json\/wp\/v2\/media\/2071"}],"wp:attachment":[{"href":"https:\/\/zaremba-academy.online\/en\/wp-json\/wp\/v2\/media?parent=2069"}],"wp:term":[{"taxonomy":"product_brand","embeddable":true,"href":"https:\/\/zaremba-academy.online\/en\/wp-json\/wp\/v2\/product_brand?post=2069"},{"taxonomy":"product_cat","embeddable":true,"href":"https:\/\/zaremba-academy.online\/en\/wp-json\/wp\/v2\/product_cat?post=2069"},{"taxonomy":"product_tag","embeddable":true,"href":"https:\/\/zaremba-academy.online\/en\/wp-json\/wp\/v2\/product_tag?post=2069"}],"curies":[{"name":"wp","href":"https:\/\/api.w.org\/{rel}","templated":true}]}}