{"id":1975,"date":"2024-05-08T17:34:28","date_gmt":"2024-05-08T15:34:28","guid":{"rendered":"https:\/\/zaremba-academy.online\/?post_type=product&#038;p=1975"},"modified":"2024-05-08T18:05:38","modified_gmt":"2024-05-08T16:05:38","slug":"sztuczna-inteligencja-dla-salonu-fryzjerskiego","status":"publish","type":"product","link":"https:\/\/zaremba-academy.online\/en\/produkt\/sztuczna-inteligencja-dla-salonu-fryzjerskiego\/","title":{"rendered":"Sztuczna inteligencja w salonie fryzjerskim &#8211; poziom pocz\u0105tkuj\u0105cy"},"content":{"rendered":"<p>Ten podstawowy modu\u0142 zosta\u0142 stworzony specjalnie dla w\u0142a\u015bcicieli salon\u00f3w fryzjerskich, kt\u00f3rzy pragn\u0105 wykorzysta\u0107 potencja\u0142 sztucznej inteligencji w celu poprawy komunikacji z klientami, zwi\u0119kszenia efektywno\u015bci marketingowej oraz oszcz\u0119dno\u015bci czasu i pieni\u0119dzy.<\/p>\n<p>Nasz kurs skupia si\u0119 na praktycznym zastosowaniu sztucznej inteligencji w codziennych operacjach salonu fryzjerskiego. Poprzez wykorzystanie algorytm\u00f3w i narz\u0119dzi AI, uczestnicy dowiedz\u0105 si\u0119, jak zoptymalizowa\u0107 procesy obs\u0142ugi klienta oraz podnie\u015b\u0107 jako\u015b\u0107 komunikacji, co przyczyni si\u0119 do zwi\u0119kszenia satysfakcji klient\u00f3w oraz wzrostu sprzeda\u017cy.<\/p>\n<p>Podczas tego kursu uczestnicy zdob\u0119d\u0105 wiedz\u0119 na temat:<\/p>\n<p>1. Personalizacja komunikacji z klientami: Dowiedz\u0105 si\u0119, jak wykorzysta\u0107 sztuczn\u0105 inteligencj\u0119 do pisania post\u00f3w, maili i sms\u00f3w.<\/p>\n<p>2. Jako\u015b\u0107 social medi\u00f3w: Przekonamy, jak wykorzysta\u0107 narz\u0119dzia sztucznej inteligencji do generowania wysokiej jako\u015bci zdj\u0119\u0107, ich obr\u00f3bki czy nawet nagrywani g\u0142osu do film\u00f3w z tekstu.<\/p>\n<p>3. Udoskonalenie marketingu: niech Twoje social media b\u0119d\u0105 profesjonalne, skuteczne i nie zabieraj\u0105 Ci zbyt du\u017co czasu.<\/p>\n","protected":false},"excerpt":{"rendered":"<p>Ten podstawowy modu\u0142 zosta\u0142 stworzony specjalnie dla w\u0142a\u015bcicieli salon\u00f3w fryzjerskich, kt\u00f3rzy pragn\u0105 wykorzysta\u0107 potencja\u0142 sztucznej inteligencji w celu poprawy komunikacji z klientami, zwi\u0119kszenia efektywno\u015bci marketingowej oraz oszcz\u0119dno\u015bci czasu i pieni\u0119dzy.<\/p>\n<p>Nasz kurs skupia si\u0119 na praktycznym zastosowaniu sztucznej inteligencji w codziennych operacjach salonu fryzjerskiego. Poprzez wykorzystanie algorytm\u00f3w i narz\u0119dzi AI, uczestnicy dowiedz\u0105 si\u0119, jak zoptymalizowa\u0107 procesy obs\u0142ugi klienta oraz podnie\u015b\u0107 jako\u015b\u0107 komunikacji, co przyczyni si\u0119 do zwi\u0119kszenia satysfakcji klient\u00f3w oraz wzrostu sprzeda\u017cy.<\/p>\n<p>Podczas tego kursu uczestnicy zdob\u0119d\u0105 wiedz\u0119 na temat:<\/p>\n<p>1. Personalizacja komunikacji z klientami: Dowiedz\u0105 si\u0119, jak wykorzysta\u0107 sztuczn\u0105 inteligencj\u0119 do pisania post\u00f3w, maili i sms\u00f3w.<\/p>\n<p>2. Jako\u015b\u0107 social medi\u00f3w: Przekonamy, jak wykorzysta\u0107 narz\u0119dzia sztucznej inteligencji do generowania wysokiej jako\u015bci zdj\u0119\u0107, ich obr\u00f3bki czy nawet nagrywani g\u0142osu do film\u00f3w z tekstu.<\/p>\n<p>3. Udoskonalenie marketingu: niech Twoje social media b\u0119d\u0105 profesjonalne, skuteczne i nie zabieraj\u0105 Ci zbyt du\u017co czasu.<\/p>\n","protected":false},"featured_media":1976,"comment_status":"open","ping_status":"closed","template":"","meta":{"bwfblock_default_font":"","ocean_post_layout":"","ocean_both_sidebars_style":"","ocean_both_sidebars_content_width":0,"ocean_both_sidebars_sidebars_width":0,"ocean_sidebar":"0","ocean_second_sidebar":"0","ocean_disable_margins":"enable","ocean_add_body_class":"","ocean_shortcode_before_top_bar":"","ocean_shortcode_after_top_bar":"","ocean_shortcode_before_header":"","ocean_shortcode_after_header":"","ocean_has_shortcode":"","ocean_shortcode_after_title":"","ocean_shortcode_before_footer_widgets":"","ocean_shortcode_after_footer_widgets":"","ocean_shortcode_before_footer_bottom":"","ocean_shortcode_after_footer_bottom":"","ocean_display_top_bar":"default","ocean_display_header":"default","ocean_header_style":"","ocean_center_header_left_menu":"0","ocean_custom_header_template":"0","ocean_custom_logo":0,"ocean_custom_retina_logo":0,"ocean_custom_logo_max_width":0,"ocean_custom_logo_tablet_max_width":0,"ocean_custom_logo_mobile_max_width":0,"ocean_custom_logo_max_height":0,"ocean_custom_logo_tablet_max_height":0,"ocean_custom_logo_mobile_max_height":0,"ocean_header_custom_menu":"0","ocean_menu_typo_font_family":"0","ocean_menu_typo_font_subset":"","ocean_menu_typo_font_size":0,"ocean_menu_typo_font_size_tablet":0,"ocean_menu_typo_font_size_mobile":0,"ocean_menu_typo_font_size_unit":"px","ocean_menu_typo_font_weight":"","ocean_menu_typo_font_weight_tablet":"","ocean_menu_typo_font_weight_mobile":"","ocean_menu_typo_transform":"","ocean_menu_typo_transform_tablet":"","ocean_menu_typo_transform_mobile":"","ocean_menu_typo_line_height":0,"ocean_menu_typo_line_height_tablet":0,"ocean_menu_typo_line_height_mobile":0,"ocean_menu_typo_line_height_unit":"","ocean_menu_typo_spacing":0,"ocean_menu_typo_spacing_tablet":0,"ocean_menu_typo_spacing_mobile":0,"ocean_menu_typo_spacing_unit":"","ocean_menu_link_color":"","ocean_menu_link_color_hover":"","ocean_menu_link_color_active":"","ocean_menu_link_background":"","ocean_menu_link_hover_background":"","ocean_menu_link_active_background":"","ocean_menu_social_links_bg":"","ocean_menu_social_hover_links_bg":"","ocean_menu_social_links_color":"","ocean_menu_social_hover_links_color":"","ocean_disable_title":"default","ocean_disable_heading":"default","ocean_post_title":"","ocean_post_subheading":"","ocean_post_title_style":"","ocean_post_title_background_color":"","ocean_post_title_background":0,"ocean_post_title_bg_image_position":"","ocean_post_title_bg_image_attachment":"","ocean_post_title_bg_image_repeat":"","ocean_post_title_bg_image_size":"","ocean_post_title_height":0,"ocean_post_title_bg_overlay":0.5,"ocean_post_title_bg_overlay_color":"","ocean_disable_breadcrumbs":"default","ocean_breadcrumbs_color":"","ocean_breadcrumbs_separator_color":"","ocean_breadcrumbs_links_color":"","ocean_breadcrumbs_links_hover_color":"","ocean_display_footer_widgets":"default","ocean_display_footer_bottom":"default","ocean_custom_footer_template":"0"},"product_brand":[],"product_cat":[66],"product_tag":[],"class_list":{"0":"post-1975","1":"product","2":"type-product","3":"status-publish","4":"has-post-thumbnail","6":"product_cat-szkolenia","8":"entry","9":"has-media","11":"first","12":"instock","13":"sale","14":"downloadable","15":"virtual","16":"purchasable","17":"product-type-simple","18":"col","19":"span_1_of_3","20":"owp-content-center","21":"owp-thumbs-layout-horizontal","22":"owp-btn-normal","23":"owp-tabs-layout-horizontal","24":"has-no-thumbnails"},"bundled_by":[],"bundle_stock_status":"instock","bundle_stock_quantity":null,"bundle_virtual":false,"bundle_layout":"","bundle_add_to_cart_form_location":"","bundle_editable_in_cart":false,"bundle_sold_individually_context":"","bundle_item_grouping":"","bundle_min_size":"","bundle_max_size":"","bundle_price":[],"bundled_items":[],"bundle_sell_ids":[],"yoast_head":"<!-- This site is optimized with the Yoast SEO plugin v27.5 - https:\/\/yoast.com\/product\/yoast-seo-wordpress\/ -->\n<title>Sztuczna inteligencja w salonie fryzjerskim - poziom pocz\u0105tkuj\u0105cy - LMS HashMagnet<\/title>\n<meta name=\"robots\" content=\"index, follow, max-snippet:-1, max-image-preview:large, max-video-preview:-1\" \/>\n<link rel=\"canonical\" href=\"https:\/\/zaremba-academy.online\/en\/produkt\/sztuczna-inteligencja-dla-salonu-fryzjerskiego\/\" \/>\n<meta property=\"og:locale\" content=\"en_US\" \/>\n<meta property=\"og:type\" content=\"article\" \/>\n<meta property=\"og:title\" content=\"Sztuczna inteligencja w salonie fryzjerskim - poziom pocz\u0105tkuj\u0105cy - LMS HashMagnet\" \/>\n<meta property=\"og:description\" content=\"Ten podstawowy modu\u0142 zosta\u0142 stworzony specjalnie dla w\u0142a\u015bcicieli salon\u00f3w fryzjerskich, kt\u00f3rzy pragn\u0105 wykorzysta\u0107 potencja\u0142 sztucznej inteligencji w celu poprawy komunikacji z klientami, zwi\u0119kszenia efektywno\u015bci marketingowej oraz oszcz\u0119dno\u015bci czasu i pieni\u0119dzy.  Nasz kurs skupia si\u0119 na praktycznym zastosowaniu sztucznej inteligencji w codziennych operacjach salonu fryzjerskiego. Poprzez wykorzystanie algorytm\u00f3w i narz\u0119dzi AI, uczestnicy dowiedz\u0105 si\u0119, jak zoptymalizowa\u0107 procesy obs\u0142ugi klienta oraz podnie\u015b\u0107 jako\u015b\u0107 komunikacji, co przyczyni si\u0119 do zwi\u0119kszenia satysfakcji klient\u00f3w oraz wzrostu sprzeda\u017cy.  Podczas tego kursu uczestnicy zdob\u0119d\u0105 wiedz\u0119 na temat:  1. Personalizacja komunikacji z klientami: Dowiedz\u0105 si\u0119, jak wykorzysta\u0107 sztuczn\u0105 inteligencj\u0119 do pisania post\u00f3w, maili i sms\u00f3w.  2. Jako\u015b\u0107 social medi\u00f3w: Przekonamy, jak wykorzysta\u0107 narz\u0119dzia sztucznej inteligencji do generowania wysokiej jako\u015bci zdj\u0119\u0107, ich obr\u00f3bki czy nawet nagrywani g\u0142osu do film\u00f3w z tekstu.  3. Udoskonalenie marketingu: niech Twoje social media b\u0119d\u0105 profesjonalne, skuteczne i nie zabieraj\u0105 Ci zbyt du\u017co czasu.\" \/>\n<meta property=\"og:url\" content=\"https:\/\/zaremba-academy.online\/en\/produkt\/sztuczna-inteligencja-dla-salonu-fryzjerskiego\/\" \/>\n<meta property=\"og:site_name\" content=\"LMS HashMagnet\" \/>\n<meta property=\"article:modified_time\" content=\"2024-05-08T16:05:38+00:00\" \/>\n<meta property=\"og:image\" content=\"https:\/\/zaremba-academy.online\/wp-content\/uploads\/2024\/05\/Grey-Black-Modern-Minimalist-Social-Media-Marketing-Plan-Presentation.png\" \/>\n\t<meta property=\"og:image:width\" content=\"1920\" \/>\n\t<meta property=\"og:image:height\" content=\"1080\" \/>\n\t<meta property=\"og:image:type\" content=\"image\/png\" \/>\n<meta name=\"twitter:card\" content=\"summary_large_image\" \/>\n<meta name=\"twitter:label1\" content=\"Est. reading time\" \/>\n\t<meta name=\"twitter:data1\" content=\"2 minutes\" \/>\n<script type=\"application\/ld+json\" class=\"yoast-schema-graph\">{\"@context\":\"https:\\\/\\\/schema.org\",\"@graph\":[{\"@type\":\"WebPage\",\"@id\":\"https:\\\/\\\/zaremba-academy.online\\\/en\\\/produkt\\\/sztuczna-inteligencja-dla-salonu-fryzjerskiego\\\/\",\"url\":\"https:\\\/\\\/zaremba-academy.online\\\/en\\\/produkt\\\/sztuczna-inteligencja-dla-salonu-fryzjerskiego\\\/\",\"name\":\"Sztuczna inteligencja w salonie fryzjerskim - poziom pocz\u0105tkuj\u0105cy - LMS HashMagnet\",\"isPartOf\":{\"@id\":\"https:\\\/\\\/zaremba-academy.online\\\/en\\\/#website\"},\"primaryImageOfPage\":{\"@id\":\"https:\\\/\\\/zaremba-academy.online\\\/en\\\/produkt\\\/sztuczna-inteligencja-dla-salonu-fryzjerskiego\\\/#primaryimage\"},\"image\":{\"@id\":\"https:\\\/\\\/zaremba-academy.online\\\/en\\\/produkt\\\/sztuczna-inteligencja-dla-salonu-fryzjerskiego\\\/#primaryimage\"},\"thumbnailUrl\":\"https:\\\/\\\/zaremba-academy.online\\\/wp-content\\\/uploads\\\/2024\\\/05\\\/Grey-Black-Modern-Minimalist-Social-Media-Marketing-Plan-Presentation.png\",\"datePublished\":\"2024-05-08T15:34:28+00:00\",\"dateModified\":\"2024-05-08T16:05:38+00:00\",\"breadcrumb\":{\"@id\":\"https:\\\/\\\/zaremba-academy.online\\\/en\\\/produkt\\\/sztuczna-inteligencja-dla-salonu-fryzjerskiego\\\/#breadcrumb\"},\"inLanguage\":\"en-US\",\"potentialAction\":[{\"@type\":\"ReadAction\",\"target\":[\"https:\\\/\\\/zaremba-academy.online\\\/en\\\/produkt\\\/sztuczna-inteligencja-dla-salonu-fryzjerskiego\\\/\"]}]},{\"@type\":\"ImageObject\",\"inLanguage\":\"en-US\",\"@id\":\"https:\\\/\\\/zaremba-academy.online\\\/en\\\/produkt\\\/sztuczna-inteligencja-dla-salonu-fryzjerskiego\\\/#primaryimage\",\"url\":\"https:\\\/\\\/zaremba-academy.online\\\/wp-content\\\/uploads\\\/2024\\\/05\\\/Grey-Black-Modern-Minimalist-Social-Media-Marketing-Plan-Presentation.png\",\"contentUrl\":\"https:\\\/\\\/zaremba-academy.online\\\/wp-content\\\/uploads\\\/2024\\\/05\\\/Grey-Black-Modern-Minimalist-Social-Media-Marketing-Plan-Presentation.png\",\"width\":1920,\"height\":1080},{\"@type\":\"BreadcrumbList\",\"@id\":\"https:\\\/\\\/zaremba-academy.online\\\/en\\\/produkt\\\/sztuczna-inteligencja-dla-salonu-fryzjerskiego\\\/#breadcrumb\",\"itemListElement\":[{\"@type\":\"ListItem\",\"position\":1,\"name\":\"Strona g\u0142\u00f3wna\",\"item\":\"https:\\\/\\\/zaremba-academy.online\\\/en\\\/\"},{\"@type\":\"ListItem\",\"position\":2,\"name\":\"Shop\",\"item\":\"https:\\\/\\\/zaremba-academy.online\\\/en\\\/shop\\\/\"},{\"@type\":\"ListItem\",\"position\":3,\"name\":\"Sztuczna inteligencja w salonie fryzjerskim &#8211; poziom pocz\u0105tkuj\u0105cy\"}]},{\"@type\":\"WebSite\",\"@id\":\"https:\\\/\\\/zaremba-academy.online\\\/en\\\/#website\",\"url\":\"https:\\\/\\\/zaremba-academy.online\\\/en\\\/\",\"name\":\"LMS HashMagnet\",\"description\":\"Platforma do tworzenia kurs\u00f3w online\",\"publisher\":{\"@id\":\"https:\\\/\\\/zaremba-academy.online\\\/en\\\/#organization\"},\"potentialAction\":[{\"@type\":\"SearchAction\",\"target\":{\"@type\":\"EntryPoint\",\"urlTemplate\":\"https:\\\/\\\/zaremba-academy.online\\\/en\\\/?s={search_term_string}\"},\"query-input\":{\"@type\":\"PropertyValueSpecification\",\"valueRequired\":true,\"valueName\":\"search_term_string\"}}],\"inLanguage\":\"en-US\"},{\"@type\":\"Organization\",\"@id\":\"https:\\\/\\\/zaremba-academy.online\\\/en\\\/#organization\",\"name\":\"LMS HashMagnet\",\"url\":\"https:\\\/\\\/zaremba-academy.online\\\/en\\\/\",\"logo\":{\"@type\":\"ImageObject\",\"inLanguage\":\"en-US\",\"@id\":\"https:\\\/\\\/zaremba-academy.online\\\/en\\\/#\\\/schema\\\/logo\\\/image\\\/\",\"url\":\"https:\\\/\\\/zaremba-academy.online\\\/wp-content\\\/uploads\\\/2023\\\/04\\\/cropped-zaremba-logo-pdf.io_.png\",\"contentUrl\":\"https:\\\/\\\/zaremba-academy.online\\\/wp-content\\\/uploads\\\/2023\\\/04\\\/cropped-zaremba-logo-pdf.io_.png\",\"width\":5079,\"height\":1392,\"caption\":\"LMS HashMagnet\"},\"image\":{\"@id\":\"https:\\\/\\\/zaremba-academy.online\\\/en\\\/#\\\/schema\\\/logo\\\/image\\\/\"}}]}<\/script>\n<!-- \/ Yoast SEO plugin. -->","yoast_head_json":{"title":"Sztuczna inteligencja w salonie fryzjerskim - poziom pocz\u0105tkuj\u0105cy - LMS HashMagnet","robots":{"index":"index","follow":"follow","max-snippet":"max-snippet:-1","max-image-preview":"max-image-preview:large","max-video-preview":"max-video-preview:-1"},"canonical":"https:\/\/zaremba-academy.online\/en\/produkt\/sztuczna-inteligencja-dla-salonu-fryzjerskiego\/","og_locale":"en_US","og_type":"article","og_title":"Sztuczna inteligencja w salonie fryzjerskim - poziom pocz\u0105tkuj\u0105cy - LMS HashMagnet","og_description":"Ten podstawowy modu\u0142 zosta\u0142 stworzony specjalnie dla w\u0142a\u015bcicieli salon\u00f3w fryzjerskich, kt\u00f3rzy pragn\u0105 wykorzysta\u0107 potencja\u0142 sztucznej inteligencji w celu poprawy komunikacji z klientami, zwi\u0119kszenia efektywno\u015bci marketingowej oraz oszcz\u0119dno\u015bci czasu i pieni\u0119dzy.  Nasz kurs skupia si\u0119 na praktycznym zastosowaniu sztucznej inteligencji w codziennych operacjach salonu fryzjerskiego. Poprzez wykorzystanie algorytm\u00f3w i narz\u0119dzi AI, uczestnicy dowiedz\u0105 si\u0119, jak zoptymalizowa\u0107 procesy obs\u0142ugi klienta oraz podnie\u015b\u0107 jako\u015b\u0107 komunikacji, co przyczyni si\u0119 do zwi\u0119kszenia satysfakcji klient\u00f3w oraz wzrostu sprzeda\u017cy.  Podczas tego kursu uczestnicy zdob\u0119d\u0105 wiedz\u0119 na temat:  1. Personalizacja komunikacji z klientami: Dowiedz\u0105 si\u0119, jak wykorzysta\u0107 sztuczn\u0105 inteligencj\u0119 do pisania post\u00f3w, maili i sms\u00f3w.  2. Jako\u015b\u0107 social medi\u00f3w: Przekonamy, jak wykorzysta\u0107 narz\u0119dzia sztucznej inteligencji do generowania wysokiej jako\u015bci zdj\u0119\u0107, ich obr\u00f3bki czy nawet nagrywani g\u0142osu do film\u00f3w z tekstu.  3. Udoskonalenie marketingu: niech Twoje social media b\u0119d\u0105 profesjonalne, skuteczne i nie zabieraj\u0105 Ci zbyt du\u017co czasu.","og_url":"https:\/\/zaremba-academy.online\/en\/produkt\/sztuczna-inteligencja-dla-salonu-fryzjerskiego\/","og_site_name":"LMS HashMagnet","article_modified_time":"2024-05-08T16:05:38+00:00","og_image":[{"width":1920,"height":1080,"url":"https:\/\/zaremba-academy.online\/wp-content\/uploads\/2024\/05\/Grey-Black-Modern-Minimalist-Social-Media-Marketing-Plan-Presentation.png","type":"image\/png"}],"twitter_card":"summary_large_image","twitter_misc":{"Est. reading time":"2 minutes"},"schema":{"@context":"https:\/\/schema.org","@graph":[{"@type":"WebPage","@id":"https:\/\/zaremba-academy.online\/en\/produkt\/sztuczna-inteligencja-dla-salonu-fryzjerskiego\/","url":"https:\/\/zaremba-academy.online\/en\/produkt\/sztuczna-inteligencja-dla-salonu-fryzjerskiego\/","name":"Sztuczna inteligencja w salonie fryzjerskim - poziom pocz\u0105tkuj\u0105cy - LMS HashMagnet","isPartOf":{"@id":"https:\/\/zaremba-academy.online\/en\/#website"},"primaryImageOfPage":{"@id":"https:\/\/zaremba-academy.online\/en\/produkt\/sztuczna-inteligencja-dla-salonu-fryzjerskiego\/#primaryimage"},"image":{"@id":"https:\/\/zaremba-academy.online\/en\/produkt\/sztuczna-inteligencja-dla-salonu-fryzjerskiego\/#primaryimage"},"thumbnailUrl":"https:\/\/zaremba-academy.online\/wp-content\/uploads\/2024\/05\/Grey-Black-Modern-Minimalist-Social-Media-Marketing-Plan-Presentation.png","datePublished":"2024-05-08T15:34:28+00:00","dateModified":"2024-05-08T16:05:38+00:00","breadcrumb":{"@id":"https:\/\/zaremba-academy.online\/en\/produkt\/sztuczna-inteligencja-dla-salonu-fryzjerskiego\/#breadcrumb"},"inLanguage":"en-US","potentialAction":[{"@type":"ReadAction","target":["https:\/\/zaremba-academy.online\/en\/produkt\/sztuczna-inteligencja-dla-salonu-fryzjerskiego\/"]}]},{"@type":"ImageObject","inLanguage":"en-US","@id":"https:\/\/zaremba-academy.online\/en\/produkt\/sztuczna-inteligencja-dla-salonu-fryzjerskiego\/#primaryimage","url":"https:\/\/zaremba-academy.online\/wp-content\/uploads\/2024\/05\/Grey-Black-Modern-Minimalist-Social-Media-Marketing-Plan-Presentation.png","contentUrl":"https:\/\/zaremba-academy.online\/wp-content\/uploads\/2024\/05\/Grey-Black-Modern-Minimalist-Social-Media-Marketing-Plan-Presentation.png","width":1920,"height":1080},{"@type":"BreadcrumbList","@id":"https:\/\/zaremba-academy.online\/en\/produkt\/sztuczna-inteligencja-dla-salonu-fryzjerskiego\/#breadcrumb","itemListElement":[{"@type":"ListItem","position":1,"name":"Strona g\u0142\u00f3wna","item":"https:\/\/zaremba-academy.online\/en\/"},{"@type":"ListItem","position":2,"name":"Shop","item":"https:\/\/zaremba-academy.online\/en\/shop\/"},{"@type":"ListItem","position":3,"name":"Sztuczna inteligencja w salonie fryzjerskim &#8211; poziom pocz\u0105tkuj\u0105cy"}]},{"@type":"WebSite","@id":"https:\/\/zaremba-academy.online\/en\/#website","url":"https:\/\/zaremba-academy.online\/en\/","name":"LMS HashMagnet","description":"Platforma do tworzenia kurs\u00f3w online","publisher":{"@id":"https:\/\/zaremba-academy.online\/en\/#organization"},"potentialAction":[{"@type":"SearchAction","target":{"@type":"EntryPoint","urlTemplate":"https:\/\/zaremba-academy.online\/en\/?s={search_term_string}"},"query-input":{"@type":"PropertyValueSpecification","valueRequired":true,"valueName":"search_term_string"}}],"inLanguage":"en-US"},{"@type":"Organization","@id":"https:\/\/zaremba-academy.online\/en\/#organization","name":"LMS HashMagnet","url":"https:\/\/zaremba-academy.online\/en\/","logo":{"@type":"ImageObject","inLanguage":"en-US","@id":"https:\/\/zaremba-academy.online\/en\/#\/schema\/logo\/image\/","url":"https:\/\/zaremba-academy.online\/wp-content\/uploads\/2023\/04\/cropped-zaremba-logo-pdf.io_.png","contentUrl":"https:\/\/zaremba-academy.online\/wp-content\/uploads\/2023\/04\/cropped-zaremba-logo-pdf.io_.png","width":5079,"height":1392,"caption":"LMS HashMagnet"},"image":{"@id":"https:\/\/zaremba-academy.online\/en\/#\/schema\/logo\/image\/"}}]}},"_links":{"self":[{"href":"https:\/\/zaremba-academy.online\/en\/wp-json\/wp\/v2\/product\/1975","targetHints":{"allow":["GET"]}}],"collection":[{"href":"https:\/\/zaremba-academy.online\/en\/wp-json\/wp\/v2\/product"}],"about":[{"href":"https:\/\/zaremba-academy.online\/en\/wp-json\/wp\/v2\/types\/product"}],"replies":[{"embeddable":true,"href":"https:\/\/zaremba-academy.online\/en\/wp-json\/wp\/v2\/comments?post=1975"}],"wp:featuredmedia":[{"embeddable":true,"href":"https:\/\/zaremba-academy.online\/en\/wp-json\/wp\/v2\/media\/1976"}],"wp:attachment":[{"href":"https:\/\/zaremba-academy.online\/en\/wp-json\/wp\/v2\/media?parent=1975"}],"wp:term":[{"taxonomy":"product_brand","embeddable":true,"href":"https:\/\/zaremba-academy.online\/en\/wp-json\/wp\/v2\/product_brand?post=1975"},{"taxonomy":"product_cat","embeddable":true,"href":"https:\/\/zaremba-academy.online\/en\/wp-json\/wp\/v2\/product_cat?post=1975"},{"taxonomy":"product_tag","embeddable":true,"href":"https:\/\/zaremba-academy.online\/en\/wp-json\/wp\/v2\/product_tag?post=1975"}],"curies":[{"name":"wp","href":"https:\/\/api.w.org\/{rel}","templated":true}]}}