{"id":1938,"date":"2024-05-05T20:56:35","date_gmt":"2024-05-05T18:56:35","guid":{"rendered":"https:\/\/zaremba-academy.online\/?post_type=product&#038;p=1938"},"modified":"2024-05-13T00:00:12","modified_gmt":"2024-05-12T22:00:12","slug":"koki1","status":"publish","type":"product","link":"https:\/\/zaremba-academy.online\/en\/produkt\/koki1\/","title":{"rendered":"Pakiet 6 szkole\u0144 z upi\u0119\u0107 + BONUSY"},"content":{"rendered":"<p>Pakiet o warto\u015bci 1945 z\u0142 za jedyne 649 z\u0142 &#8211; <strong>pe\u0142na satysfakcja lub zwrot pieni\u0119dzy-bez ryzyka!<\/strong> (30 dni) mo\u017cliwo\u015b\u0107 p\u0142atno\u015bci PayPO (p\u0142atno\u015b\u0107 odroczona bez \u017cadnych dodatkowych koszt\u00f3w)<\/p>\n<p>&#8211; 6 szkole\u0144 z upi\u0119\u0107 okoliczno\u015bciowych z mistrzyni\u0105 \u015bwiata Joann\u0105 Zaremb\u0105-Wanczur\u0105 (najnowsza kolekcja Metamorphosis) &#8211; ka\u017cde krok po kroku pokazuje inn\u0105 fryzur\u0119, na innej d\u0142ugo\u015bci w\u0142os\u00f3w, upi\u0119cia niskie, wysokie, asymetryczne.<\/p>\n<div class=\"\">\n<p><strong>GRATISY<\/strong><\/p>\n<div class=\"\">&#8211; **E-book \u201cPodstawy upi\u0119\u0107 okoliczno\u015bciowych\u201d**<br \/>\n&#8211; **E-book \u201cVademecum fryzjera &#8211; s\u0142owniczek KOKI\u201d**<\/div>\n<div class=\"\">-** Szkolenie online &#8220;Sztuczna inteligencja w salonie fryzjerskim&#8221;.<br \/>\n&#8211; **2 godziny doradztwa w zakresie marketingu i zarz\u0105dzania w bran\u017cy beauty** dla Twojego salonu z Mart\u0105 Szarogroder-Rosiak- ekspertk\u0105, kt\u00f3ra przeszkoli\u0142a kilka tysi\u0119cy w\u0142a\u015bcicieli, manager\u00f3w i pracownik\u00f3w salon\u00f3w. Pomo\u017ce Ci ona w dowolnym dla Ciebie obszarze: marketing, social media, wsp\u00f3\u0142prace zewn\u0119trzne, rekrutacja, motywacja (dost\u0119pne\u00a0 przez rok) &#8211;<b class=\"\">TEGO JESZCZE NIE BY\u0141O, a kto mia\u0142 szkolenia z Mart\u0105, wie, \u017ce warto.\u00a0<\/b><br \/>\n&#8211; **Godzina doradztwa z mistrzyni\u0105 \u015bwiata Joann\u0105 Zaremb\u0105-Wanczur\u0105, czyli ze mn\u0105 :)** &#8211; porozmawiajmy, jak mog\u0119 pom\u00f3c Ci w biznesie &#8211; je\u015bli kupisz w ci\u0105gu 15 min od zako\u0144czenia webinaru.<\/div>\n<\/div>\n<div><\/div>\n<div>\n<div class=\"\"><\/div>\n<\/div>\n<div><\/div>\n<div><\/div>\n","protected":false},"excerpt":{"rendered":"<p>Pakiet o warto\u015bci 1945 z\u0142 za jedyne 649 z\u0142 &#8211; gwarancja satysfakcji (30 dni) mo\u017cliwo\u015b\u0107 p\u0142atno\u015bci PayPO (p\u0142atno\u015b\u0107 odroczona bez \u017cadnych dodatkowych koszt\u00f3w)<\/p>\n<p>&#8211; 6 szkole\u0144 z upi\u0119\u0107 okoliczno\u015bciowych z mistrzyni\u0105 \u015bwiata Joann\u0105 Zaremb\u0105-Wanczur\u0105 (najnowsza kolekcja Metamorphosis) &#8211; ka\u017cde krok po kroku pokazuje inn\u0105 fryzur\u0119, na innej d\u0142ugo\u015bci w\u0142os\u00f3w, upi\u0119cia niskie, wysokie, asymetryczne.<\/p>\n<div class=\"\">\n<p><strong>GRATISY<\/strong><\/p>\n<div class=\"hv-current-cursor\">&#8211; **E-book \u201cPodstawy upi\u0119\u0107 okoliczno\u015bciowych\u201d**<br \/>\n&#8211; **E-book \u201cVademecum fryzjera &#8211; s\u0142owniczek KOKI\u201d**<br \/>\n&#8211; **2 godziny doradztwa w zakresie marketingu i zarz\u0105dzania w bran\u017cy beauty** dla Twojego salonu z Mart\u0105 Szarogroder-Rosiak- ekspertk\u0105, kt\u00f3ra przeszkoli\u0142a kilka tysi\u0119cy w\u0142a\u015bcicieli, manager\u00f3w i pracownik\u00f3w salon\u00f3w. Pomo\u017ce Ci ona w dowolnym dla Ciebie obszarze: marketing, social media, wsp\u00f3\u0142prace zewn\u0119trzne, rekrutacja, motywacja (dost\u0119pne\u00a0 przez rok) &#8211;<b class=\"\">TEGO JESZCZE NIE BY\u0141O, a kto mia\u0142 szkolenia z Mart\u0105, wie, \u017ce warto.\u00a0<\/b><br \/>\n&#8211; **Godzina doradztwa z mistrzyni\u0105 \u015bwiata Joann\u0105 Zaremb\u0105-Wanczur\u0105, czyli ze mn\u0105 :)** &#8211; porozmawiajmy, jak mog\u0119 pom\u00f3c Ci w biznesie &#8211; je\u015bli kupisz w ci\u0105gu 15 min od zako\u0144czenia webinaru.<\/div>\n<div><\/div>\n<\/div>\n<div><\/div>\n<div><\/div>\n<div>\n<div class=\"\"><strong>**Dlaczego warto si\u0119 szkoli\u0107 i rozwija\u0107 jako fryzjer i w\u0142a\u015bciciel salonu fryzjerskiego z ZAREMBA ONLINE ACADEMY?**<\/strong><\/div>\n<div><\/div>\n<div class=\"\">1. Oferta jakiej nie ma \u017caden inny szkoleniowiec w Polsce.<\/div>\n<div class=\"\">2. Mozliwo\u015b\u0107 zdobywania wiedzy bezpo\u015brednio od Mistrzyni \u015awiata i os\u00f3b, z kt\u00f3rymi buduje sw\u00f3j biznes (5 firm, wszystkie zwi\u0105zane z bran\u017c\u0105 beauty)<\/div>\n<div class=\"\">.3.Jako\u015b\u0107 kszta\u0142cenia i sukcesy kursant\u00f3w: Joanna wykszta\u0142ci\u0142a Mistrz\u00f3w i Mistrzynie oraz Vicemistrzynie \u015awiata, Mistrzynie i Vicemistrzynie Europy i wiele Mistrzy\u0144 Polski oraz niezliczon\u0105 ilo\u015b\u0107 medalist\u00f3w Mistrzostw Polski we fryzjerstwie.<br \/>\n4. Inspiracja i motywacja: Szkolenia z mistrzyni\u0105 \u015bwiata to nie tylko zdobywanie umiej\u0119tno\u015bci, ale tak\u017ce inspiracja do tw\u00f3rczego podej\u015bcia do fryzjerstwa. Jej do\u015bwiadczenie i pasja s\u0105 niezwykle inspiruj\u0105ce i pozwol\u0105 Ci odkry\u0107 nowe mo\u017cliwo\u015bci w swojej pracy.<br \/>\n5. **Warto\u015b\u0107 promocyjna:** Nasz pakiet szkole\u0144 i e-book\u00f3w, kt\u00f3ry normalnie kosztuje 1945 z\u0142, jest teraz dost\u0119pny w promocyjnej cenie 649 z\u0142. To nie tylko ogromna oszcz\u0119dno\u015b\u0107, ale tak\u017ce \u015bwietna okazja, aby skorzysta\u0107 z warto\u015bciowych materia\u0142\u00f3w i szkole\u0144 w atrakcyjnej cenie.<\/div>\n<div class=\"\">6. Gwarancja satysfakcji (30 dni), mo\u017cliwo\u015b\u0107 p\u0142atno\u015bci PayPo &#8211; korzystasz teraz- p\u0142acisz p\u00f3\u017aniej bez \u017cadnych dodatkowych koszt\u00f3w. MO\u017bESZ TYLKO ZYSKA\u0106- wiedz\u0119, umiej\u0119tno\u015bci, rozwin\u0105\u0107 sw\u00f3j salon i zarabia\u0107 wi\u0119cej.<\/div>\n<\/div>\n","protected":false},"featured_media":1954,"comment_status":"open","ping_status":"closed","template":"","meta":{"bwfblock_default_font":"","ocean_post_layout":"","ocean_both_sidebars_style":"","ocean_both_sidebars_content_width":0,"ocean_both_sidebars_sidebars_width":0,"ocean_sidebar":"0","ocean_second_sidebar":"0","ocean_disable_margins":"enable","ocean_add_body_class":"","ocean_shortcode_before_top_bar":"","ocean_shortcode_after_top_bar":"","ocean_shortcode_before_header":"","ocean_shortcode_after_header":"","ocean_has_shortcode":"","ocean_shortcode_after_title":"","ocean_shortcode_before_footer_widgets":"","ocean_shortcode_after_footer_widgets":"","ocean_shortcode_before_footer_bottom":"","ocean_shortcode_after_footer_bottom":"","ocean_display_top_bar":"default","ocean_display_header":"default","ocean_header_style":"","ocean_center_header_left_menu":"0","ocean_custom_header_template":"0","ocean_custom_logo":0,"ocean_custom_retina_logo":0,"ocean_custom_logo_max_width":0,"ocean_custom_logo_tablet_max_width":0,"ocean_custom_logo_mobile_max_width":0,"ocean_custom_logo_max_height":0,"ocean_custom_logo_tablet_max_height":0,"ocean_custom_logo_mobile_max_height":0,"ocean_header_custom_menu":"0","ocean_menu_typo_font_family":"0","ocean_menu_typo_font_subset":"","ocean_menu_typo_font_size":0,"ocean_menu_typo_font_size_tablet":0,"ocean_menu_typo_font_size_mobile":0,"ocean_menu_typo_font_size_unit":"px","ocean_menu_typo_font_weight":"","ocean_menu_typo_font_weight_tablet":"","ocean_menu_typo_font_weight_mobile":"","ocean_menu_typo_transform":"","ocean_menu_typo_transform_tablet":"","ocean_menu_typo_transform_mobile":"","ocean_menu_typo_line_height":0,"ocean_menu_typo_line_height_tablet":0,"ocean_menu_typo_line_height_mobile":0,"ocean_menu_typo_line_height_unit":"","ocean_menu_typo_spacing":0,"ocean_menu_typo_spacing_tablet":0,"ocean_menu_typo_spacing_mobile":0,"ocean_menu_typo_spacing_unit":"","ocean_menu_link_color":"","ocean_menu_link_color_hover":"","ocean_menu_link_color_active":"","ocean_menu_link_background":"","ocean_menu_link_hover_background":"","ocean_menu_link_active_background":"","ocean_menu_social_links_bg":"","ocean_menu_social_hover_links_bg":"","ocean_menu_social_links_color":"","ocean_menu_social_hover_links_color":"","ocean_disable_title":"default","ocean_disable_heading":"default","ocean_post_title":"","ocean_post_subheading":"","ocean_post_title_style":"","ocean_post_title_background_color":"","ocean_post_title_background":0,"ocean_post_title_bg_image_position":"","ocean_post_title_bg_image_attachment":"","ocean_post_title_bg_image_repeat":"","ocean_post_title_bg_image_size":"","ocean_post_title_height":0,"ocean_post_title_bg_overlay":0.5,"ocean_post_title_bg_overlay_color":"","ocean_disable_breadcrumbs":"default","ocean_breadcrumbs_color":"","ocean_breadcrumbs_separator_color":"","ocean_breadcrumbs_links_color":"","ocean_breadcrumbs_links_hover_color":"","ocean_display_footer_widgets":"default","ocean_display_footer_bottom":"default","ocean_custom_footer_template":"0"},"product_brand":[],"product_cat":[15],"product_tag":[],"class_list":{"0":"post-1938","1":"product","2":"type-product","3":"status-publish","4":"has-post-thumbnail","6":"product_cat-bez-kategorii","8":"entry","9":"has-media","11":"first","12":"instock","13":"downloadable","14":"virtual","15":"purchasable","16":"product-type-paid-content","17":"col","18":"span_1_of_3","19":"owp-content-center","20":"owp-thumbs-layout-horizontal","21":"owp-btn-normal","22":"owp-tabs-layout-horizontal","23":"has-no-thumbnails"},"bundled_by":[],"bundle_stock_status":"instock","bundle_stock_quantity":null,"bundle_virtual":false,"bundle_layout":"","bundle_add_to_cart_form_location":"","bundle_editable_in_cart":false,"bundle_sold_individually_context":"","bundle_item_grouping":"","bundle_min_size":"","bundle_max_size":"","bundle_price":[],"bundled_items":[],"bundle_sell_ids":[],"yoast_head":"<!-- This site is optimized with the Yoast SEO plugin v27.5 - https:\/\/yoast.com\/product\/yoast-seo-wordpress\/ -->\n<title>Pakiet 6 szkole\u0144 z upi\u0119\u0107 + BONUSY - LMS HashMagnet<\/title>\n<meta name=\"robots\" content=\"index, follow, max-snippet:-1, max-image-preview:large, max-video-preview:-1\" \/>\n<link rel=\"canonical\" href=\"https:\/\/zaremba-academy.online\/en\/produkt\/koki1\/\" \/>\n<meta property=\"og:locale\" content=\"en_US\" \/>\n<meta property=\"og:type\" content=\"article\" \/>\n<meta property=\"og:title\" content=\"Pakiet 6 szkole\u0144 z upi\u0119\u0107 + BONUSY - LMS HashMagnet\" \/>\n<meta property=\"og:description\" content=\"Pakiet o warto\u015bci 1945 z\u0142 za jedyne 649 z\u0142 - gwarancja satysfakcji (30 dni) mo\u017cliwo\u015b\u0107 p\u0142atno\u015bci PayPO (p\u0142atno\u015b\u0107 odroczona bez \u017cadnych dodatkowych koszt\u00f3w)  - 6 szkole\u0144 z upi\u0119\u0107 okoliczno\u015bciowych z mistrzyni\u0105 \u015bwiata Joann\u0105 Zaremb\u0105-Wanczur\u0105 (najnowsza kolekcja Metamorphosis) - ka\u017cde krok po kroku pokazuje inn\u0105 fryzur\u0119, na innej d\u0142ugo\u015bci w\u0142os\u00f3w, upi\u0119cia niskie, wysokie, asymetryczne.   GRATISY - **E-book \u201cPodstawy upi\u0119\u0107 okoliczno\u015bciowych\u201d** - **E-book \u201cVademecum fryzjera - s\u0142owniczek KOKI\u201d** - **2 godziny doradztwa w zakresie marketingu i zarz\u0105dzania w bran\u017cy beauty** dla Twojego salonu z Mart\u0105 Szarogroder-Rosiak- ekspertk\u0105, kt\u00f3ra przeszkoli\u0142a kilka tysi\u0119cy w\u0142a\u015bcicieli, manager\u00f3w i pracownik\u00f3w salon\u00f3w. Pomo\u017ce Ci ona w dowolnym dla Ciebie obszarze: marketing, social media, wsp\u00f3\u0142prace zewn\u0119trzne, rekrutacja, motywacja (dost\u0119pne\u00a0 przez rok) -TEGO JESZCZE NIE BY\u0141O, a kto mia\u0142 szkolenia z Mart\u0105, wie, \u017ce warto.\u00a0 - **Godzina doradztwa z mistrzyni\u0105 \u015bwiata Joann\u0105 Zaremb\u0105-Wanczur\u0105, czyli ze mn\u0105 :)** - porozmawiajmy, jak mog\u0119 pom\u00f3c Ci w biznesie - je\u015bli kupisz w ci\u0105gu 15 min od zako\u0144czenia webinaru.      **Dlaczego warto si\u0119 szkoli\u0107 i rozwija\u0107 jako fryzjer i w\u0142a\u015bciciel salonu fryzjerskiego z ZAREMBA ONLINE ACADEMY?**  1. Oferta jakiej nie ma \u017caden inny szkoleniowiec w Polsce. 2. Mozliwo\u015b\u0107 zdobywania wiedzy bezpo\u015brednio od Mistrzyni \u015awiata i os\u00f3b, z kt\u00f3rymi buduje sw\u00f3j biznes (5 firm, wszystkie zwi\u0105zane z bran\u017c\u0105 beauty) .3.Jako\u015b\u0107 kszta\u0142cenia i sukcesy kursant\u00f3w: Joanna wykszta\u0142ci\u0142a Mistrz\u00f3w i Mistrzynie oraz Vicemistrzynie \u015awiata, Mistrzynie i Vicemistrzynie Europy i wiele Mistrzy\u0144 Polski oraz niezliczon\u0105 ilo\u015b\u0107 medalist\u00f3w Mistrzostw Polski we fryzjerstwie. 4. Inspiracja i motywacja: Szkolenia z mistrzyni\u0105 \u015bwiata to nie tylko zdobywanie umiej\u0119tno\u015bci, ale tak\u017ce inspiracja do tw\u00f3rczego podej\u015bcia do fryzjerstwa. Jej do\u015bwiadczenie i pasja s\u0105 niezwykle inspiruj\u0105ce i pozwol\u0105 Ci odkry\u0107 nowe mo\u017cliwo\u015bci w swojej pracy. 5. **Warto\u015b\u0107 promocyjna:** Nasz pakiet szkole\u0144 i e-book\u00f3w, kt\u00f3ry normalnie kosztuje 1945 z\u0142, jest teraz dost\u0119pny w promocyjnej cenie 649 z\u0142. To nie tylko ogromna oszcz\u0119dno\u015b\u0107, ale tak\u017ce \u015bwietna okazja, aby skorzysta\u0107 z warto\u015bciowych materia\u0142\u00f3w i szkole\u0144 w atrakcyjnej cenie. 6. Gwarancja satysfakcji (30 dni), mo\u017cliwo\u015b\u0107 p\u0142atno\u015bci PayPo - korzystasz teraz- p\u0142acisz p\u00f3\u017aniej bez \u017cadnych dodatkowych koszt\u00f3w. MO\u017bESZ TYLKO ZYSKA\u0106- wiedz\u0119, umiej\u0119tno\u015bci, rozwin\u0105\u0107 sw\u00f3j salon i zarabia\u0107 wi\u0119cej.\" \/>\n<meta property=\"og:url\" content=\"https:\/\/zaremba-academy.online\/en\/produkt\/koki1\/\" \/>\n<meta property=\"og:site_name\" content=\"LMS HashMagnet\" \/>\n<meta property=\"article:modified_time\" content=\"2024-05-12T22:00:12+00:00\" \/>\n<meta property=\"og:image\" content=\"https:\/\/zaremba-academy.online\/wp-content\/uploads\/2024\/05\/Metamorphosis-1-1.png\" \/>\n\t<meta property=\"og:image:width\" content=\"1920\" \/>\n\t<meta property=\"og:image:height\" content=\"1080\" \/>\n\t<meta property=\"og:image:type\" content=\"image\/png\" \/>\n<meta name=\"twitter:card\" content=\"summary_large_image\" \/>\n<meta name=\"twitter:label1\" content=\"Est. reading time\" \/>\n\t<meta name=\"twitter:data1\" content=\"2 minutes\" \/>\n<script type=\"application\/ld+json\" class=\"yoast-schema-graph\">{\"@context\":\"https:\\\/\\\/schema.org\",\"@graph\":[{\"@type\":\"WebPage\",\"@id\":\"https:\\\/\\\/zaremba-academy.online\\\/en\\\/produkt\\\/koki1\\\/\",\"url\":\"https:\\\/\\\/zaremba-academy.online\\\/en\\\/produkt\\\/koki1\\\/\",\"name\":\"Pakiet 6 szkole\u0144 z upi\u0119\u0107 + BONUSY - LMS HashMagnet\",\"isPartOf\":{\"@id\":\"https:\\\/\\\/zaremba-academy.online\\\/en\\\/#website\"},\"primaryImageOfPage\":{\"@id\":\"https:\\\/\\\/zaremba-academy.online\\\/en\\\/produkt\\\/koki1\\\/#primaryimage\"},\"image\":{\"@id\":\"https:\\\/\\\/zaremba-academy.online\\\/en\\\/produkt\\\/koki1\\\/#primaryimage\"},\"thumbnailUrl\":\"https:\\\/\\\/zaremba-academy.online\\\/wp-content\\\/uploads\\\/2024\\\/05\\\/Metamorphosis-1-1.png\",\"datePublished\":\"2024-05-05T18:56:35+00:00\",\"dateModified\":\"2024-05-12T22:00:12+00:00\",\"breadcrumb\":{\"@id\":\"https:\\\/\\\/zaremba-academy.online\\\/en\\\/produkt\\\/koki1\\\/#breadcrumb\"},\"inLanguage\":\"en-US\",\"potentialAction\":[{\"@type\":\"ReadAction\",\"target\":[\"https:\\\/\\\/zaremba-academy.online\\\/en\\\/produkt\\\/koki1\\\/\"]}]},{\"@type\":\"ImageObject\",\"inLanguage\":\"en-US\",\"@id\":\"https:\\\/\\\/zaremba-academy.online\\\/en\\\/produkt\\\/koki1\\\/#primaryimage\",\"url\":\"https:\\\/\\\/zaremba-academy.online\\\/wp-content\\\/uploads\\\/2024\\\/05\\\/Metamorphosis-1-1.png\",\"contentUrl\":\"https:\\\/\\\/zaremba-academy.online\\\/wp-content\\\/uploads\\\/2024\\\/05\\\/Metamorphosis-1-1.png\",\"width\":1920,\"height\":1080},{\"@type\":\"BreadcrumbList\",\"@id\":\"https:\\\/\\\/zaremba-academy.online\\\/en\\\/produkt\\\/koki1\\\/#breadcrumb\",\"itemListElement\":[{\"@type\":\"ListItem\",\"position\":1,\"name\":\"Strona g\u0142\u00f3wna\",\"item\":\"https:\\\/\\\/zaremba-academy.online\\\/en\\\/\"},{\"@type\":\"ListItem\",\"position\":2,\"name\":\"Shop\",\"item\":\"https:\\\/\\\/zaremba-academy.online\\\/en\\\/shop\\\/\"},{\"@type\":\"ListItem\",\"position\":3,\"name\":\"Pakiet 6 szkole\u0144 z upi\u0119\u0107 + BONUSY\"}]},{\"@type\":\"WebSite\",\"@id\":\"https:\\\/\\\/zaremba-academy.online\\\/en\\\/#website\",\"url\":\"https:\\\/\\\/zaremba-academy.online\\\/en\\\/\",\"name\":\"LMS HashMagnet\",\"description\":\"Platforma do tworzenia kurs\u00f3w online\",\"publisher\":{\"@id\":\"https:\\\/\\\/zaremba-academy.online\\\/en\\\/#organization\"},\"potentialAction\":[{\"@type\":\"SearchAction\",\"target\":{\"@type\":\"EntryPoint\",\"urlTemplate\":\"https:\\\/\\\/zaremba-academy.online\\\/en\\\/?s={search_term_string}\"},\"query-input\":{\"@type\":\"PropertyValueSpecification\",\"valueRequired\":true,\"valueName\":\"search_term_string\"}}],\"inLanguage\":\"en-US\"},{\"@type\":\"Organization\",\"@id\":\"https:\\\/\\\/zaremba-academy.online\\\/en\\\/#organization\",\"name\":\"LMS HashMagnet\",\"url\":\"https:\\\/\\\/zaremba-academy.online\\\/en\\\/\",\"logo\":{\"@type\":\"ImageObject\",\"inLanguage\":\"en-US\",\"@id\":\"https:\\\/\\\/zaremba-academy.online\\\/en\\\/#\\\/schema\\\/logo\\\/image\\\/\",\"url\":\"https:\\\/\\\/zaremba-academy.online\\\/wp-content\\\/uploads\\\/2023\\\/04\\\/cropped-zaremba-logo-pdf.io_.png\",\"contentUrl\":\"https:\\\/\\\/zaremba-academy.online\\\/wp-content\\\/uploads\\\/2023\\\/04\\\/cropped-zaremba-logo-pdf.io_.png\",\"width\":5079,\"height\":1392,\"caption\":\"LMS HashMagnet\"},\"image\":{\"@id\":\"https:\\\/\\\/zaremba-academy.online\\\/en\\\/#\\\/schema\\\/logo\\\/image\\\/\"}}]}<\/script>\n<!-- \/ Yoast SEO plugin. -->","yoast_head_json":{"title":"Pakiet 6 szkole\u0144 z upi\u0119\u0107 + BONUSY - LMS HashMagnet","robots":{"index":"index","follow":"follow","max-snippet":"max-snippet:-1","max-image-preview":"max-image-preview:large","max-video-preview":"max-video-preview:-1"},"canonical":"https:\/\/zaremba-academy.online\/en\/produkt\/koki1\/","og_locale":"en_US","og_type":"article","og_title":"Pakiet 6 szkole\u0144 z upi\u0119\u0107 + BONUSY - LMS HashMagnet","og_description":"Pakiet o warto\u015bci 1945 z\u0142 za jedyne 649 z\u0142 - gwarancja satysfakcji (30 dni) mo\u017cliwo\u015b\u0107 p\u0142atno\u015bci PayPO (p\u0142atno\u015b\u0107 odroczona bez \u017cadnych dodatkowych koszt\u00f3w)  - 6 szkole\u0144 z upi\u0119\u0107 okoliczno\u015bciowych z mistrzyni\u0105 \u015bwiata Joann\u0105 Zaremb\u0105-Wanczur\u0105 (najnowsza kolekcja Metamorphosis) - ka\u017cde krok po kroku pokazuje inn\u0105 fryzur\u0119, na innej d\u0142ugo\u015bci w\u0142os\u00f3w, upi\u0119cia niskie, wysokie, asymetryczne.   GRATISY - **E-book \u201cPodstawy upi\u0119\u0107 okoliczno\u015bciowych\u201d** - **E-book \u201cVademecum fryzjera - s\u0142owniczek KOKI\u201d** - **2 godziny doradztwa w zakresie marketingu i zarz\u0105dzania w bran\u017cy beauty** dla Twojego salonu z Mart\u0105 Szarogroder-Rosiak- ekspertk\u0105, kt\u00f3ra przeszkoli\u0142a kilka tysi\u0119cy w\u0142a\u015bcicieli, manager\u00f3w i pracownik\u00f3w salon\u00f3w. Pomo\u017ce Ci ona w dowolnym dla Ciebie obszarze: marketing, social media, wsp\u00f3\u0142prace zewn\u0119trzne, rekrutacja, motywacja (dost\u0119pne\u00a0 przez rok) -TEGO JESZCZE NIE BY\u0141O, a kto mia\u0142 szkolenia z Mart\u0105, wie, \u017ce warto.\u00a0 - **Godzina doradztwa z mistrzyni\u0105 \u015bwiata Joann\u0105 Zaremb\u0105-Wanczur\u0105, czyli ze mn\u0105 :)** - porozmawiajmy, jak mog\u0119 pom\u00f3c Ci w biznesie - je\u015bli kupisz w ci\u0105gu 15 min od zako\u0144czenia webinaru.      **Dlaczego warto si\u0119 szkoli\u0107 i rozwija\u0107 jako fryzjer i w\u0142a\u015bciciel salonu fryzjerskiego z ZAREMBA ONLINE ACADEMY?**  1. Oferta jakiej nie ma \u017caden inny szkoleniowiec w Polsce. 2. Mozliwo\u015b\u0107 zdobywania wiedzy bezpo\u015brednio od Mistrzyni \u015awiata i os\u00f3b, z kt\u00f3rymi buduje sw\u00f3j biznes (5 firm, wszystkie zwi\u0105zane z bran\u017c\u0105 beauty) .3.Jako\u015b\u0107 kszta\u0142cenia i sukcesy kursant\u00f3w: Joanna wykszta\u0142ci\u0142a Mistrz\u00f3w i Mistrzynie oraz Vicemistrzynie \u015awiata, Mistrzynie i Vicemistrzynie Europy i wiele Mistrzy\u0144 Polski oraz niezliczon\u0105 ilo\u015b\u0107 medalist\u00f3w Mistrzostw Polski we fryzjerstwie. 4. Inspiracja i motywacja: Szkolenia z mistrzyni\u0105 \u015bwiata to nie tylko zdobywanie umiej\u0119tno\u015bci, ale tak\u017ce inspiracja do tw\u00f3rczego podej\u015bcia do fryzjerstwa. Jej do\u015bwiadczenie i pasja s\u0105 niezwykle inspiruj\u0105ce i pozwol\u0105 Ci odkry\u0107 nowe mo\u017cliwo\u015bci w swojej pracy. 5. **Warto\u015b\u0107 promocyjna:** Nasz pakiet szkole\u0144 i e-book\u00f3w, kt\u00f3ry normalnie kosztuje 1945 z\u0142, jest teraz dost\u0119pny w promocyjnej cenie 649 z\u0142. To nie tylko ogromna oszcz\u0119dno\u015b\u0107, ale tak\u017ce \u015bwietna okazja, aby skorzysta\u0107 z warto\u015bciowych materia\u0142\u00f3w i szkole\u0144 w atrakcyjnej cenie. 6. Gwarancja satysfakcji (30 dni), mo\u017cliwo\u015b\u0107 p\u0142atno\u015bci PayPo - korzystasz teraz- p\u0142acisz p\u00f3\u017aniej bez \u017cadnych dodatkowych koszt\u00f3w. MO\u017bESZ TYLKO ZYSKA\u0106- wiedz\u0119, umiej\u0119tno\u015bci, rozwin\u0105\u0107 sw\u00f3j salon i zarabia\u0107 wi\u0119cej.","og_url":"https:\/\/zaremba-academy.online\/en\/produkt\/koki1\/","og_site_name":"LMS HashMagnet","article_modified_time":"2024-05-12T22:00:12+00:00","og_image":[{"width":1920,"height":1080,"url":"https:\/\/zaremba-academy.online\/wp-content\/uploads\/2024\/05\/Metamorphosis-1-1.png","type":"image\/png"}],"twitter_card":"summary_large_image","twitter_misc":{"Est. reading time":"2 minutes"},"schema":{"@context":"https:\/\/schema.org","@graph":[{"@type":"WebPage","@id":"https:\/\/zaremba-academy.online\/en\/produkt\/koki1\/","url":"https:\/\/zaremba-academy.online\/en\/produkt\/koki1\/","name":"Pakiet 6 szkole\u0144 z upi\u0119\u0107 + BONUSY - LMS HashMagnet","isPartOf":{"@id":"https:\/\/zaremba-academy.online\/en\/#website"},"primaryImageOfPage":{"@id":"https:\/\/zaremba-academy.online\/en\/produkt\/koki1\/#primaryimage"},"image":{"@id":"https:\/\/zaremba-academy.online\/en\/produkt\/koki1\/#primaryimage"},"thumbnailUrl":"https:\/\/zaremba-academy.online\/wp-content\/uploads\/2024\/05\/Metamorphosis-1-1.png","datePublished":"2024-05-05T18:56:35+00:00","dateModified":"2024-05-12T22:00:12+00:00","breadcrumb":{"@id":"https:\/\/zaremba-academy.online\/en\/produkt\/koki1\/#breadcrumb"},"inLanguage":"en-US","potentialAction":[{"@type":"ReadAction","target":["https:\/\/zaremba-academy.online\/en\/produkt\/koki1\/"]}]},{"@type":"ImageObject","inLanguage":"en-US","@id":"https:\/\/zaremba-academy.online\/en\/produkt\/koki1\/#primaryimage","url":"https:\/\/zaremba-academy.online\/wp-content\/uploads\/2024\/05\/Metamorphosis-1-1.png","contentUrl":"https:\/\/zaremba-academy.online\/wp-content\/uploads\/2024\/05\/Metamorphosis-1-1.png","width":1920,"height":1080},{"@type":"BreadcrumbList","@id":"https:\/\/zaremba-academy.online\/en\/produkt\/koki1\/#breadcrumb","itemListElement":[{"@type":"ListItem","position":1,"name":"Strona g\u0142\u00f3wna","item":"https:\/\/zaremba-academy.online\/en\/"},{"@type":"ListItem","position":2,"name":"Shop","item":"https:\/\/zaremba-academy.online\/en\/shop\/"},{"@type":"ListItem","position":3,"name":"Pakiet 6 szkole\u0144 z upi\u0119\u0107 + BONUSY"}]},{"@type":"WebSite","@id":"https:\/\/zaremba-academy.online\/en\/#website","url":"https:\/\/zaremba-academy.online\/en\/","name":"LMS HashMagnet","description":"Platforma do tworzenia kurs\u00f3w online","publisher":{"@id":"https:\/\/zaremba-academy.online\/en\/#organization"},"potentialAction":[{"@type":"SearchAction","target":{"@type":"EntryPoint","urlTemplate":"https:\/\/zaremba-academy.online\/en\/?s={search_term_string}"},"query-input":{"@type":"PropertyValueSpecification","valueRequired":true,"valueName":"search_term_string"}}],"inLanguage":"en-US"},{"@type":"Organization","@id":"https:\/\/zaremba-academy.online\/en\/#organization","name":"LMS HashMagnet","url":"https:\/\/zaremba-academy.online\/en\/","logo":{"@type":"ImageObject","inLanguage":"en-US","@id":"https:\/\/zaremba-academy.online\/en\/#\/schema\/logo\/image\/","url":"https:\/\/zaremba-academy.online\/wp-content\/uploads\/2023\/04\/cropped-zaremba-logo-pdf.io_.png","contentUrl":"https:\/\/zaremba-academy.online\/wp-content\/uploads\/2023\/04\/cropped-zaremba-logo-pdf.io_.png","width":5079,"height":1392,"caption":"LMS HashMagnet"},"image":{"@id":"https:\/\/zaremba-academy.online\/en\/#\/schema\/logo\/image\/"}}]}},"_links":{"self":[{"href":"https:\/\/zaremba-academy.online\/en\/wp-json\/wp\/v2\/product\/1938","targetHints":{"allow":["GET"]}}],"collection":[{"href":"https:\/\/zaremba-academy.online\/en\/wp-json\/wp\/v2\/product"}],"about":[{"href":"https:\/\/zaremba-academy.online\/en\/wp-json\/wp\/v2\/types\/product"}],"replies":[{"embeddable":true,"href":"https:\/\/zaremba-academy.online\/en\/wp-json\/wp\/v2\/comments?post=1938"}],"wp:featuredmedia":[{"embeddable":true,"href":"https:\/\/zaremba-academy.online\/en\/wp-json\/wp\/v2\/media\/1954"}],"wp:attachment":[{"href":"https:\/\/zaremba-academy.online\/en\/wp-json\/wp\/v2\/media?parent=1938"}],"wp:term":[{"taxonomy":"product_brand","embeddable":true,"href":"https:\/\/zaremba-academy.online\/en\/wp-json\/wp\/v2\/product_brand?post=1938"},{"taxonomy":"product_cat","embeddable":true,"href":"https:\/\/zaremba-academy.online\/en\/wp-json\/wp\/v2\/product_cat?post=1938"},{"taxonomy":"product_tag","embeddable":true,"href":"https:\/\/zaremba-academy.online\/en\/wp-json\/wp\/v2\/product_tag?post=1938"}],"curies":[{"name":"wp","href":"https:\/\/api.w.org\/{rel}","templated":true}]}}